{"id":593,"date":"2017-06-29T04:01:57","date_gmt":"2017-06-29T04:01:57","guid":{"rendered":"http:\/\/www.residentesedenpanama.org\/?page_id=593"},"modified":"2019-04-10T23:51:40","modified_gmt":"2019-04-11T04:51:40","slug":"ayuda","status":"publish","type":"page","link":"https:\/\/www.residentesedenpanama.org\/index.php\/ayuda\/","title":{"rendered":"Ayuda para usuarios del sitio."},"content":{"rendered":"<h3><em>\u00cdNDICE<\/em><\/h3>\n<ol>\n<li><a href=\"http:\/\/www.residentesedenpanama.org\/index.php\/acerca-del-sitio\/\">Acerca del sitio<\/a><\/li>\n<li><a href=\"http:\/\/www.residentesedenpanama.org\/index.php\/preguntas-frecuentes\/\">Preguntas frecuentes<\/a><\/li>\n<li><a href=\"http:\/\/www.residentesedenpanama.org\/index.php\/pasos-para-registrarse-en-el-sitio\/\">Pasos para registrarse en el sitio<\/a><\/li>\n<li><a href=\"http:\/\/www.residentesedenpanama.org\/?page_id=1449&amp;preview=true\">Tutorial para ingresar como usuario<\/a><\/li>\n<li><a href=\"http:\/\/www.residentesedenpanama.org\/index.php\/pasos-para-votar-en-las-encuestas\/\">Pasos para votar en las encuestas<\/a><\/li>\n<li><a href=\"http:\/\/www.residentesedenpanama.org\/index.php\/solucion-de-problemas\/\">Soluci\u00f3n de problemas<\/a><\/li>\n<li><a href=\"http:\/\/www.residentesedenpanama.org\/index.php\/recursos\/\">Recursos del Sitio<\/a><\/li>\n<li><a href=\"http:\/\/www.residentesedenpanama.org\/index.php\/colaboradores-del-sitio\/\">Residentes que colaboran con el sitio<\/a><\/li>\n<\/ol>\n<p>Cont\u00e1ctenos a la direcci\u00f3n de correo:<\/p>\n<p><strong><em>residenteseden@gmail.com<\/em><\/strong><\/p>\n<div id=\"page\" class=\"site\"><\/div>\n","protected":false},"excerpt":{"rendered":"<p>\u00cdNDICE Acerca del sitio Preguntas frecuentes Pasos para registrarse en el sitio Tutorial para ingresar como usuario Pasos para votar en las encuestas Soluci\u00f3n de problemas Recursos del Sitio Residentes que colaboran con el sitio Cont\u00e1ctenos a la direcci\u00f3n de correo: residenteseden@gmail.com<\/p>\n","protected":false},"author":38,"featured_media":0,"parent":0,"menu_order":0,"comment_status":"closed","ping_status":"closed","template":"","meta":[],"_links":{"self":[{"href":"https:\/\/www.residentesedenpanama.org\/index.php\/wp-json\/wp\/v2\/pages\/593"}],"collection":[{"href":"https:\/\/www.residentesedenpanama.org\/index.php\/wp-json\/wp\/v2\/pages"}],"about":[{"href":"https:\/\/www.residentesedenpanama.org\/index.php\/wp-json\/wp\/v2\/types\/page"}],"author":[{"embeddable":true,"href":"https:\/\/www.residentesedenpanama.org\/index.php\/wp-json\/wp\/v2\/users\/38"}],"replies":[{"embeddable":true,"href":"https:\/\/www.residentesedenpanama.org\/index.php\/wp-json\/wp\/v2\/comments?post=593"}],"version-history":[{"count":79,"href":"https:\/\/www.residentesedenpanama.org\/index.php\/wp-json\/wp\/v2\/pages\/593\/revisions"}],"predecessor-version":[{"id":3542,"href":"https:\/\/www.residentesedenpanama.org\/index.php\/wp-json\/wp\/v2\/pages\/593\/revisions\/3542"}],"wp:attachment":[{"href":"https:\/\/www.residentesedenpanama.org\/index.php\/wp-json\/wp\/v2\/media?parent=593"}],"curies":[{"name":"wp","href":"https:\/\/api.w.org\/{rel}","templated":true}]}}