{"id":4485,"date":"2020-03-16T00:45:26","date_gmt":"2020-03-16T05:45:26","guid":{"rendered":"http:\/\/www.residentesedenpanama.org\/?page_id=4485"},"modified":"2020-03-19T10:50:36","modified_gmt":"2020-03-19T15:50:36","slug":"linea-para-atencion-de-personas-con-sintomas-de-covid-19","status":"publish","type":"page","link":"https:\/\/www.residentesedenpanama.org\/index.php\/linea-para-atencion-de-personas-con-sintomas-de-covid-19\/","title":{"rendered":"L\u00ednea para atenci\u00f3n de personas con s\u00edntomas de COVID-19"},"content":{"rendered":"<div align=\"center\">\n<blockquote class=\"twitter-tweet\">\n<p dir=\"ltr\" lang=\"es\">Si tienes fiebre persistente, tos seca y dolor de garganta, acude a tu m\u00e9dico de cabecera, a un centro de salud o a la policl\u00ednica m\u00e1s cercana. <a href=\"https:\/\/twitter.com\/hashtag\/MinsaPreviene?src=hash&amp;ref_src=twsrc%5Etfw\">#MinsaPreviene<\/a> <a href=\"https:\/\/t.co\/9KlYdfrt0W\">pic.twitter.com\/9KlYdfrt0W<\/a><\/p>\n<p>\u2014 Ministerio de Salud de Panam\u00e1 (@MINSAPma) <a href=\"https:\/\/twitter.com\/MINSAPma\/status\/1238288588615417857?ref_src=twsrc%5Etfw\">March 13, 2020<\/a><\/p><\/blockquote>\n<p><script async src=\"https:\/\/platform.twitter.com\/widgets.js\" charset=\"utf-8\"><\/script><\/p>\n<\/div>\n","protected":false},"excerpt":{"rendered":"<p>Si tienes fiebre persistente, tos seca y dolor de garganta, acude a tu m\u00e9dico de cabecera, a un centro de salud o a la policl\u00ednica m\u00e1s cercana. #MinsaPreviene pic.twitter.com\/9KlYdfrt0W \u2014 Ministerio de Salud de Panam\u00e1 (@MINSAPma) March 13, 2020<\/p>\n","protected":false},"author":38,"featured_media":0,"parent":0,"menu_order":0,"comment_status":"closed","ping_status":"closed","template":"","meta":[],"_links":{"self":[{"href":"https:\/\/www.residentesedenpanama.org\/index.php\/wp-json\/wp\/v2\/pages\/4485"}],"collection":[{"href":"https:\/\/www.residentesedenpanama.org\/index.php\/wp-json\/wp\/v2\/pages"}],"about":[{"href":"https:\/\/www.residentesedenpanama.org\/index.php\/wp-json\/wp\/v2\/types\/page"}],"author":[{"embeddable":true,"href":"https:\/\/www.residentesedenpanama.org\/index.php\/wp-json\/wp\/v2\/users\/38"}],"replies":[{"embeddable":true,"href":"https:\/\/www.residentesedenpanama.org\/index.php\/wp-json\/wp\/v2\/comments?post=4485"}],"version-history":[{"count":3,"href":"https:\/\/www.residentesedenpanama.org\/index.php\/wp-json\/wp\/v2\/pages\/4485\/revisions"}],"predecessor-version":[{"id":4504,"href":"https:\/\/www.residentesedenpanama.org\/index.php\/wp-json\/wp\/v2\/pages\/4485\/revisions\/4504"}],"wp:attachment":[{"href":"https:\/\/www.residentesedenpanama.org\/index.php\/wp-json\/wp\/v2\/media?parent=4485"}],"curies":[{"name":"wp","href":"https:\/\/api.w.org\/{rel}","templated":true}]}}