{"id":4465,"date":"2020-03-15T22:55:38","date_gmt":"2020-03-16T03:55:38","guid":{"rendered":"http:\/\/www.residentesedenpanama.org\/?page_id=4465"},"modified":"2023-04-09T13:49:57","modified_gmt":"2023-04-09T18:49:57","slug":"benemerito-cuerpo-de-bomberos","status":"publish","type":"page","link":"https:\/\/www.residentesedenpanama.org\/index.php\/benemerito-cuerpo-de-bomberos\/","title":{"rendered":"Benem\u00e9rito Cuerpo de Bomberos"},"content":{"rendered":"<p><img loading=\"lazy\" class=\"aligncenter wp-image-4466\" src=\"http:\/\/www.residentesedenpanama.org\/wp-content\/uploads\/2020\/03\/bomberos103_2020_01.png\" alt=\"\" width=\"500\" height=\"562\" srcset=\"https:\/\/www.residentesedenpanama.org\/wp-content\/uploads\/2020\/03\/bomberos103_2020_01.png 300w, https:\/\/www.residentesedenpanama.org\/wp-content\/uploads\/2020\/03\/bomberos103_2020_01-267x300.png 267w\" sizes=\"(max-width: 500px) 100vw, 500px\" \/><\/p>\n<ul>\n<li>Estaci\u00f3n Nuevo Arraij\u00e1n &#8211; Santos Herrera Matos\u00a0 346-2031<\/li>\n<li>Estaci\u00f3n Arraij\u00e1n Cabecera &#8211; Julio A. Mart\u00ednez 259-3146<\/li>\n<li>Estaci\u00f3n La Chorrera &#8211; Mario Lasso 509-5390<\/li>\n<\/ul>\n\n\n<p><\/p>\n","protected":false},"excerpt":{"rendered":"<p>Estaci\u00f3n Nuevo Arraij\u00e1n &#8211; Santos Herrera Matos\u00a0 346-2031 Estaci\u00f3n Arraij\u00e1n Cabecera &#8211; Julio A. Mart\u00ednez 259-3146 Estaci\u00f3n La Chorrera &#8211; Mario Lasso 509-5390<\/p>\n","protected":false},"author":38,"featured_media":0,"parent":0,"menu_order":0,"comment_status":"closed","ping_status":"closed","template":"","meta":[],"_links":{"self":[{"href":"https:\/\/www.residentesedenpanama.org\/index.php\/wp-json\/wp\/v2\/pages\/4465"}],"collection":[{"href":"https:\/\/www.residentesedenpanama.org\/index.php\/wp-json\/wp\/v2\/pages"}],"about":[{"href":"https:\/\/www.residentesedenpanama.org\/index.php\/wp-json\/wp\/v2\/types\/page"}],"author":[{"embeddable":true,"href":"https:\/\/www.residentesedenpanama.org\/index.php\/wp-json\/wp\/v2\/users\/38"}],"replies":[{"embeddable":true,"href":"https:\/\/www.residentesedenpanama.org\/index.php\/wp-json\/wp\/v2\/comments?post=4465"}],"version-history":[{"count":4,"href":"https:\/\/www.residentesedenpanama.org\/index.php\/wp-json\/wp\/v2\/pages\/4465\/revisions"}],"predecessor-version":[{"id":5746,"href":"https:\/\/www.residentesedenpanama.org\/index.php\/wp-json\/wp\/v2\/pages\/4465\/revisions\/5746"}],"wp:attachment":[{"href":"https:\/\/www.residentesedenpanama.org\/index.php\/wp-json\/wp\/v2\/media?parent=4465"}],"curies":[{"name":"wp","href":"https:\/\/api.w.org\/{rel}","templated":true}]}}