{"id":3732,"date":"2019-06-02T19:18:51","date_gmt":"2019-06-03T00:18:51","guid":{"rendered":"http:\/\/www.residentesedenpanama.org\/?page_id=3732"},"modified":"2019-06-02T19:22:27","modified_gmt":"2019-06-03T00:22:27","slug":"normativa-legal-de-las-asociaciones-sin-fines-de-lucro","status":"publish","type":"page","link":"https:\/\/www.residentesedenpanama.org\/index.php\/normativa-legal-de-las-asociaciones-sin-fines-de-lucro\/","title":{"rendered":"Normativa legal de las asociaciones sin fines de lucro"},"content":{"rendered":"<p>Las Asociaciones de Residentes est\u00e1n contempladas en el art\u00edculo 39 de la Constituci\u00f3n Pol\u00edtica de la Rep\u00fablica de Panam\u00e1,\u00a0 tambi\u00e9n en los art\u00edculos 64 y 69 del C\u00f3digo Fiscal, el Ministerio de Gobierno se encarga de supervisar lo referente a las mismas.\u00a0 Los requisitos actuales para establecer una Asociaci\u00f3n de Residentes sin fines de lucro est\u00e1n reglamentados por el Decreto Ejecutivo 62 del 30 de marzo de 2017.<\/p>\n<p>En el siguiente enlace podr\u00e1 ver el decreto ejecutivo que rige la conformaci\u00f3n de aociaciones de residentes sin fines de lucro en la Rep\u00fablica de Panam\u00e1:<\/p>\n<ol>\n<li><a href=\"http:\/\/www.residentesedenpanama.org\/wp-content\/uploads\/2018\/03\/decreto_ejecutivo_62_del_30_marzo_2017.pdf\">Decreto Ejecutivo 62 del 30 de marzo de 2017<\/a>.<\/li>\n<\/ol>\n","protected":false},"excerpt":{"rendered":"<p>Las Asociaciones de Residentes est\u00e1n contempladas en el art\u00edculo 39 de la Constituci\u00f3n Pol\u00edtica de la Rep\u00fablica de Panam\u00e1,\u00a0 tambi\u00e9n en los art\u00edculos 64 y 69 del C\u00f3digo Fiscal, el Ministerio de Gobierno se encarga de supervisar lo referente a las mismas.\u00a0 Los requisitos actuales para establecer una Asociaci\u00f3n de Residentes sin fines de lucro [&hellip;]<\/p>\n","protected":false},"author":2,"featured_media":0,"parent":0,"menu_order":0,"comment_status":"closed","ping_status":"closed","template":"","meta":[],"_links":{"self":[{"href":"https:\/\/www.residentesedenpanama.org\/index.php\/wp-json\/wp\/v2\/pages\/3732"}],"collection":[{"href":"https:\/\/www.residentesedenpanama.org\/index.php\/wp-json\/wp\/v2\/pages"}],"about":[{"href":"https:\/\/www.residentesedenpanama.org\/index.php\/wp-json\/wp\/v2\/types\/page"}],"author":[{"embeddable":true,"href":"https:\/\/www.residentesedenpanama.org\/index.php\/wp-json\/wp\/v2\/users\/2"}],"replies":[{"embeddable":true,"href":"https:\/\/www.residentesedenpanama.org\/index.php\/wp-json\/wp\/v2\/comments?post=3732"}],"version-history":[{"count":1,"href":"https:\/\/www.residentesedenpanama.org\/index.php\/wp-json\/wp\/v2\/pages\/3732\/revisions"}],"predecessor-version":[{"id":3733,"href":"https:\/\/www.residentesedenpanama.org\/index.php\/wp-json\/wp\/v2\/pages\/3732\/revisions\/3733"}],"wp:attachment":[{"href":"https:\/\/www.residentesedenpanama.org\/index.php\/wp-json\/wp\/v2\/media?parent=3732"}],"curies":[{"name":"wp","href":"https:\/\/api.w.org\/{rel}","templated":true}]}}