{"id":3687,"date":"2019-06-02T12:32:58","date_gmt":"2019-06-02T17:32:58","guid":{"rendered":"http:\/\/www.residentesedenpanama.org\/?page_id=3687"},"modified":"2019-06-02T12:53:36","modified_gmt":"2019-06-02T17:53:36","slug":"antecedentes_jdl","status":"publish","type":"page","link":"https:\/\/www.residentesedenpanama.org\/index.php\/antecedentes_jdl\/","title":{"rendered":"Antecedentes"},"content":{"rendered":"<p>La Junta de Desarrollo Local fue aprobada, tras proceso realizado por la Junta Comunal del Corregimiento que incluy\u00f3 en primera instancia una encuesta a las casas del\u00a0 residencial y posteriormente un proceso de votaci\u00f3n realizado los d\u00edas 30 de julio y 3 de septiembre de 2017, la votaci\u00f3n del 30 de julio fue suspendida por condiciones adversas del clima. La aprobaci\u00f3n de la Junta de Desarrollo Local fue sometida al Municipio de Arraij\u00e1n, posteriormente la Junta Comunal de Juan Dem\u00f3stenes Arosemena emiti\u00f3 la resoluci\u00f3n N\u00b0 155 del 9 de abril de 2018, donde se establec\u00eda formalmente la conformaci\u00f3n de esta Junta.<\/p>\n","protected":false},"excerpt":{"rendered":"<p>La Junta de Desarrollo Local fue aprobada, tras proceso realizado por la Junta Comunal del Corregimiento que incluy\u00f3 en primera instancia una encuesta a las casas del\u00a0 residencial y posteriormente un proceso de votaci\u00f3n realizado los d\u00edas 30 de julio y 3 de septiembre de 2017, la votaci\u00f3n del 30 de julio fue suspendida por [&hellip;]<\/p>\n","protected":false},"author":2,"featured_media":0,"parent":0,"menu_order":0,"comment_status":"closed","ping_status":"closed","template":"","meta":[],"_links":{"self":[{"href":"https:\/\/www.residentesedenpanama.org\/index.php\/wp-json\/wp\/v2\/pages\/3687"}],"collection":[{"href":"https:\/\/www.residentesedenpanama.org\/index.php\/wp-json\/wp\/v2\/pages"}],"about":[{"href":"https:\/\/www.residentesedenpanama.org\/index.php\/wp-json\/wp\/v2\/types\/page"}],"author":[{"embeddable":true,"href":"https:\/\/www.residentesedenpanama.org\/index.php\/wp-json\/wp\/v2\/users\/2"}],"replies":[{"embeddable":true,"href":"https:\/\/www.residentesedenpanama.org\/index.php\/wp-json\/wp\/v2\/comments?post=3687"}],"version-history":[{"count":10,"href":"https:\/\/www.residentesedenpanama.org\/index.php\/wp-json\/wp\/v2\/pages\/3687\/revisions"}],"predecessor-version":[{"id":3715,"href":"https:\/\/www.residentesedenpanama.org\/index.php\/wp-json\/wp\/v2\/pages\/3687\/revisions\/3715"}],"wp:attachment":[{"href":"https:\/\/www.residentesedenpanama.org\/index.php\/wp-json\/wp\/v2\/media?parent=3687"}],"curies":[{"name":"wp","href":"https:\/\/api.w.org\/{rel}","templated":true}]}}