{"id":2713,"date":"2018-09-02T18:38:28","date_gmt":"2018-09-02T23:38:28","guid":{"rendered":"http:\/\/www.residentesedenpanama.org\/?page_id=2713"},"modified":"2019-06-03T12:46:24","modified_gmt":"2019-06-03T17:46:24","slug":"organizacion-del-residencial","status":"publish","type":"page","link":"https:\/\/www.residentesedenpanama.org\/index.php\/organizacion-del-residencial\/","title":{"rendered":"Organizaci\u00f3n del Residencial"},"content":{"rendered":"<p>En el Residencial Ed\u00e9n de Arraij\u00e1n actualmente, est\u00e1 conformada una Junta de Desarrollo Local, tambi\u00e9n se han dado pasos, para el establecimiento de una asociaci\u00f3n de residentes, a continuaci\u00f3n se pueden ver aspectos relevantes sobre estas dos formas de organizaci\u00f3n:<\/p>\n<ol>\n<li><a href=\"http:\/\/www.residentesedenpanama.org\/index.php\/junta-de-desarrollo-local\/\">Junta de Desarrollo Local<\/a><\/li>\n<li><a href=\"http:\/\/www.residentesedenpanama.org\/index.php\/asociacion-de-residentes\/\">Asociaci\u00f3n de Residentes<\/a><\/li>\n<\/ol>\n<p>&nbsp;<\/p>\n","protected":false},"excerpt":{"rendered":"<p>En el Residencial Ed\u00e9n de Arraij\u00e1n actualmente, est\u00e1 conformada una Junta de Desarrollo Local, tambi\u00e9n se han dado pasos, para el establecimiento de una asociaci\u00f3n de residentes, a continuaci\u00f3n se pueden ver aspectos relevantes sobre estas dos formas de organizaci\u00f3n: Junta de Desarrollo Local Asociaci\u00f3n de Residentes &nbsp;<\/p>\n","protected":false},"author":38,"featured_media":0,"parent":0,"menu_order":0,"comment_status":"closed","ping_status":"closed","template":"","meta":[],"_links":{"self":[{"href":"https:\/\/www.residentesedenpanama.org\/index.php\/wp-json\/wp\/v2\/pages\/2713"}],"collection":[{"href":"https:\/\/www.residentesedenpanama.org\/index.php\/wp-json\/wp\/v2\/pages"}],"about":[{"href":"https:\/\/www.residentesedenpanama.org\/index.php\/wp-json\/wp\/v2\/types\/page"}],"author":[{"embeddable":true,"href":"https:\/\/www.residentesedenpanama.org\/index.php\/wp-json\/wp\/v2\/users\/38"}],"replies":[{"embeddable":true,"href":"https:\/\/www.residentesedenpanama.org\/index.php\/wp-json\/wp\/v2\/comments?post=2713"}],"version-history":[{"count":13,"href":"https:\/\/www.residentesedenpanama.org\/index.php\/wp-json\/wp\/v2\/pages\/2713\/revisions"}],"predecessor-version":[{"id":3771,"href":"https:\/\/www.residentesedenpanama.org\/index.php\/wp-json\/wp\/v2\/pages\/2713\/revisions\/3771"}],"wp:attachment":[{"href":"https:\/\/www.residentesedenpanama.org\/index.php\/wp-json\/wp\/v2\/media?parent=2713"}],"curies":[{"name":"wp","href":"https:\/\/api.w.org\/{rel}","templated":true}]}}