{"id":2188,"date":"2018-05-23T13:30:41","date_gmt":"2018-05-23T18:30:41","guid":{"rendered":"http:\/\/www.residentesedenpanama.org\/?page_id=2188"},"modified":"2018-06-07T16:08:57","modified_gmt":"2018-06-07T21:08:57","slug":"solucion-de-problemas","status":"publish","type":"page","link":"https:\/\/www.residentesedenpanama.org\/index.php\/solucion-de-problemas\/","title":{"rendered":"Soluci\u00f3n de problemas"},"content":{"rendered":"<h3><strong><em>Problemas para acceder al nuevo dominio del sitio Residentes Ed\u00e9n de Arraij\u00e1n<\/em><\/strong><\/h3>\n<p>Si tiene problemas para acceder al nuevo dominio del sitio web, le recomendamos trabajar con los siguiente buscadores de Internet: Chrome, Mozilla Firexfox, Microsoft Edge o Safari de Apple, en sus versiones para computadoras de escritorio, port\u00e1tiles, tables o smartphone, muchos de los cuales se pueden descargar actualizados de sus respectivos sitios o de sus correspondientes tiendas de Apps.<\/p>\n<p>Si al colocar el nuevo dominio: <em>http:\/\/www.residentesedenpanama.org<\/em> le aparece un mensaje parecido al siguiente:<\/p>\n<p><img loading=\"lazy\" class=\"size-medium wp-image-2269 aligncenter\" src=\"http:\/\/www.residentesedenpanama.org\/wp-content\/uploads\/2018\/06\/problema_nuevo_dominio-300x231.jpg\" alt=\"\" width=\"300\" height=\"231\" srcset=\"https:\/\/www.residentesedenpanama.org\/wp-content\/uploads\/2018\/06\/problema_nuevo_dominio-300x231.jpg 300w, https:\/\/www.residentesedenpanama.org\/wp-content\/uploads\/2018\/06\/problema_nuevo_dominio.jpg 540w\" sizes=\"(max-width: 300px) 100vw, 300px\" \/><\/p>\n<p>Le recomiendo borrar el historial del buscador de Internet que este utilizando, borre todas las referencias al antiguo dominio, ya que estas en algunos casos pueden causar problemas para desplegar la informaci\u00f3n del nuevo, estas dos indicaciones deber\u00edan ser suficientes para corregir estos problemas.<\/p>\n<h3><strong><em>\u00bfQue hago si no recuerdo la contrase\u00f1a para ingresar al sitio?<\/em><\/strong><\/h3>\n<p>Si no recuerda la contrase\u00f1a del sitio, en la columna derecha haga click en el enlace &lt;Iniciar Sesi\u00f3n&gt;, como se muestra en la siguiente figura:<\/p>\n<p><img loading=\"lazy\" class=\"aligncenter wp-image-2205 size-full\" src=\"http:\/\/www.residentesedenpanama.org\/wp-content\/uploads\/2018\/05\/iniciar_sesion.jpg\" alt=\"\" width=\"401\" height=\"207\" srcset=\"https:\/\/www.residentesedenpanama.org\/wp-content\/uploads\/2018\/05\/iniciar_sesion.jpg 401w, https:\/\/www.residentesedenpanama.org\/wp-content\/uploads\/2018\/05\/iniciar_sesion-300x155.jpg 300w\" sizes=\"(max-width: 401px) 100vw, 401px\" \/><\/p>\n<p>Luego de lo cual le aparecera la pantalla de ingreso como usuario, haga click en el enlace<em> \u00bfHas perdido tu contrase\u00f1a?, <\/em>como se muestra en la siguiente imagen:<\/p>\n<p><img loading=\"lazy\" class=\"aligncenter wp-image-2206 size-full\" src=\"http:\/\/www.residentesedenpanama.org\/wp-content\/uploads\/2018\/05\/contrasenia_perdida.jpg\" alt=\"\" width=\"340\" height=\"420\" srcset=\"https:\/\/www.residentesedenpanama.org\/wp-content\/uploads\/2018\/05\/contrasenia_perdida.jpg 340w, https:\/\/www.residentesedenpanama.org\/wp-content\/uploads\/2018\/05\/contrasenia_perdida-243x300.jpg 243w\" sizes=\"(max-width: 340px) 100vw, 340px\" \/><\/p>\n<p>Ingrese posteriormente su nombre de usuario o su email, el sistema le remitir\u00e1 a su correo electr\u00f3nico registrado, una nueva clave con la que podr\u00e1 ingresar nuevamente, recuerde personalizar la misma una vez ingrese.<\/p>\n<h3><strong><em>El sitio se queda colgado y no despliega informaci\u00f3n.<\/em><\/strong><\/h3>\n<p>Esto puede suceder por varios factores, los cuales pueden implicar la terminal de computadora, la red f\u00edsica de comunicaci\u00f3n, el proveedor de Internet o el servidor de dominio y\/o alojamiento, tambi\u00e9n pudiera ser producto de malware o ataques programados de piratas electr\u00f3nicos para intentar da\u00f1ar el sistema o ralentizarlo.<\/p>\n<p>Aunque al lector le cause risa, pudiendo sugerir que \u00bfa qui\u00e9n se le podr\u00eda ocurrir intentar hackear esta p\u00e1gina?, tomando en cuenta su connotaci\u00f3n de car\u00e1cter social; si hay que indicar que en los primeros meses de este a\u00f1o, hasta el 12 de abril aproximadamente, se registro una actividad inusual en el sitio, quedando registrado en la bit\u00e1cora del sistema, intentos de acceso no autorizado, recepci\u00f3n inusual de spam, y m\u00e1s dif\u00edcil de probar pero por su comportamiento, el sistema parec\u00eda estar siendo v\u00edctima de ataques de denegaci\u00f3n de servicios, ya que a veces se tornaba pr\u00e1cticamente inaccesible.<\/p>\n<p>Considero que la mayor\u00eda de las veces, el problema puede entrar en las primeras categor\u00edas descritas en este apartado, por lo que al presentarse este probema, revise en primera instancia que su terminal de computadora este funcionando adecuadamente y si es necesario haga los ajustes para optimizar el funcionamiento de la misma, si no se arregla, verifique que su conexi\u00f3n a internet funcione adecuadamente, si logra navegar en otros sitios sin dificultad esto pudiera indicar que el problema no se debe a las l\u00edneas de transmisi\u00f3n ni a su proveedor de internet.<\/p>\n<p>En este punto el problema podr\u00eda deberse a problemas con el servidor de dominio o de alojamiento, por lo que es mejor esperar a que se restablezca la conexi\u00f3n con los mismos nuevamente.<\/p>\n<p>Si a\u00fan as\u00ed no se corrigue el problema puede escribirnos a residenteseden@gmail.com, para informarnos de estos inconvenientes.<\/p>\n<h3><em><strong>A determinadas horas, el sitio me despliega el mensaje: Website is temporary sleeping, \u00bfa que se debe esto?<\/strong><\/em><\/h3>\n<p><img loading=\"lazy\" class=\"size-medium wp-image-1416 aligncenter\" src=\"http:\/\/www.residentesedenpanama.org\/wp-content\/uploads\/2018\/01\/website_sleeping-300x142.jpg\" alt=\"\" width=\"300\" height=\"142\" srcset=\"https:\/\/www.residentesedenpanama.org\/wp-content\/uploads\/2018\/01\/website_sleeping-300x142.jpg 300w, https:\/\/www.residentesedenpanama.org\/wp-content\/uploads\/2018\/01\/website_sleeping.jpg 644w\" sizes=\"(max-width: 300px) 100vw, 300px\" \/><\/p>\n<p>Una descripci\u00f3n mas detallada de este inconveniente lo puede ver en el siguiente enlace:<\/p>\n<p style=\"text-align: center;\"><a href=\"http:\/\/www.residentesedenpanama.org\/index.php\/2018\/01\/31\/acerca-del-mensaje-website-is-temporary-sleeping\/\">Acerca del mensaje: \u201cWebsite is temporary sleeping\u201d<\/a><\/p>\n<p>&nbsp;<\/p>\n","protected":false},"excerpt":{"rendered":"<p>Problemas para acceder al nuevo dominio del sitio Residentes Ed\u00e9n de Arraij\u00e1n Si tiene problemas para acceder al nuevo dominio del sitio web, le recomendamos trabajar con los siguiente buscadores de Internet: Chrome, Mozilla Firexfox, Microsoft Edge o Safari de Apple, en sus versiones para computadoras de escritorio, port\u00e1tiles, tables o smartphone, muchos de los [&hellip;]<\/p>\n","protected":false},"author":38,"featured_media":0,"parent":0,"menu_order":0,"comment_status":"closed","ping_status":"closed","template":"","meta":[],"_links":{"self":[{"href":"https:\/\/www.residentesedenpanama.org\/index.php\/wp-json\/wp\/v2\/pages\/2188"}],"collection":[{"href":"https:\/\/www.residentesedenpanama.org\/index.php\/wp-json\/wp\/v2\/pages"}],"about":[{"href":"https:\/\/www.residentesedenpanama.org\/index.php\/wp-json\/wp\/v2\/types\/page"}],"author":[{"embeddable":true,"href":"https:\/\/www.residentesedenpanama.org\/index.php\/wp-json\/wp\/v2\/users\/38"}],"replies":[{"embeddable":true,"href":"https:\/\/www.residentesedenpanama.org\/index.php\/wp-json\/wp\/v2\/comments?post=2188"}],"version-history":[{"count":25,"href":"https:\/\/www.residentesedenpanama.org\/index.php\/wp-json\/wp\/v2\/pages\/2188\/revisions"}],"predecessor-version":[{"id":2268,"href":"https:\/\/www.residentesedenpanama.org\/index.php\/wp-json\/wp\/v2\/pages\/2188\/revisions\/2268"}],"wp:attachment":[{"href":"https:\/\/www.residentesedenpanama.org\/index.php\/wp-json\/wp\/v2\/media?parent=2188"}],"curies":[{"name":"wp","href":"https:\/\/api.w.org\/{rel}","templated":true}]}}