{"id":1494,"date":"2018-02-08T00:02:50","date_gmt":"2018-02-08T05:02:50","guid":{"rendered":"http:\/\/www.residentesedenpanama.org\/?page_id=1494"},"modified":"2018-10-09T15:25:42","modified_gmt":"2018-10-09T20:25:42","slug":"pasos-para-votar-en-las-encuestas","status":"publish","type":"page","link":"https:\/\/www.residentesedenpanama.org\/index.php\/pasos-para-votar-en-las-encuestas\/","title":{"rendered":"Pasos para votar en las encuestas"},"content":{"rendered":"<p>Actualmente las encuestas est\u00e1n dirigidas espec\u00edficamente a los residentes propietarios, al presente existe una encuesta que se est\u00e1n llevando a cabo simult\u00e1neamente, las preguntas son las siguientes:<\/p>\n<ol>\n<li>\u00bfEsta de acuerdo con que nuestra barriada se conecte por medio de un puente a otros proyectos nuevos de residenciales colindante con la nuestra?<\/li>\n<\/ol>\n<p>Para votar usted debe ingresar con su nombre de usuario y contrase\u00f1a, sino lo tiene vea la secci\u00f3n <a href=\"http:\/\/www.residentesedenpanama.org\/index.php\/pasos-para-registrarse-en-el-sitio\/\"><em>Pasos para registrarse en el sitio<\/em><\/a>, una vez tenga su usuario y contrase\u00f1a, ingrese con esta informaci\u00f3n, si tiene problemas repase el<em><a href=\"http:\/\/www.residentesedenpanama.org\/index.php\/tutorial-para-ingresar-como-usuario\/\"> Tutorial para ingresar como usuario del sitio.<\/a><\/em><\/p>\n<h3>Para votar desde una PC, Port\u00e1til o Tablet<\/h3>\n<p>Una vez haya ingresado al sitio con su usuario y contrase\u00f1a haga click sobre la opci\u00f3n \u00ab<em>Residentes Ed\u00e9n de Arraij\u00e1n<\/em>\u00bb como se muestra en la siguiente figura.<\/p>\n<p><img loading=\"lazy\" class=\"aligncenter wp-image-2859 size-full\" src=\"http:\/\/www.residentesedenpanama.org\/wp-content\/uploads\/2018\/10\/escritorio_website_pc.jpg\" alt=\"\" width=\"750\" height=\"399\" srcset=\"https:\/\/www.residentesedenpanama.org\/wp-content\/uploads\/2018\/10\/escritorio_website_pc.jpg 750w, https:\/\/www.residentesedenpanama.org\/wp-content\/uploads\/2018\/10\/escritorio_website_pc-300x160.jpg 300w\" sizes=\"(max-width: 750px) 100vw, 750px\" \/><\/p>\n<p>Se le presentara la misma p\u00e1gina publica del sitio pero ahora con nuevas opciones, el men\u00fa se amplia para dar paso a las opciones para residentes propietarios como se puede ver a continuaci\u00f3n.<\/p>\n<p><img loading=\"lazy\" class=\"aligncenter wp-image-2860 size-full\" src=\"http:\/\/www.residentesedenpanama.org\/wp-content\/uploads\/2018\/10\/menu_usuario_website_pc.jpg\" alt=\"\" width=\"1342\" height=\"399\" srcset=\"https:\/\/www.residentesedenpanama.org\/wp-content\/uploads\/2018\/10\/menu_usuario_website_pc.jpg 1342w, https:\/\/www.residentesedenpanama.org\/wp-content\/uploads\/2018\/10\/menu_usuario_website_pc-300x89.jpg 300w, https:\/\/www.residentesedenpanama.org\/wp-content\/uploads\/2018\/10\/menu_usuario_website_pc-768x228.jpg 768w, https:\/\/www.residentesedenpanama.org\/wp-content\/uploads\/2018\/10\/menu_usuario_website_pc-1024x304.jpg 1024w\" sizes=\"(max-width: 1342px) 100vw, 1342px\" \/><\/p>\n<p>Despl\u00e1cese hacia abajo, hasta ver en la columna derecha el titulo: \u00ab<em>ENCUESTA PARA RESIDENTES PROPIETARIOS<\/em>\u00ab, se le habilitar\u00e1 autom\u00e1ticamente las opciones y bot\u00f3n para votar, como se aprecia a continuaci\u00f3n.<\/p>\n<p><img loading=\"lazy\" class=\"alignnone wp-image-1547 size-full\" src=\"http:\/\/www.residentesedenpanama.org\/wp-content\/uploads\/2018\/02\/llenar_encuesta_website_pc-1.jpg\" alt=\"\" width=\"1258\" height=\"377\" srcset=\"https:\/\/www.residentesedenpanama.org\/wp-content\/uploads\/2018\/02\/llenar_encuesta_website_pc-1.jpg 1258w, https:\/\/www.residentesedenpanama.org\/wp-content\/uploads\/2018\/02\/llenar_encuesta_website_pc-1-300x90.jpg 300w, https:\/\/www.residentesedenpanama.org\/wp-content\/uploads\/2018\/02\/llenar_encuesta_website_pc-1-768x230.jpg 768w, https:\/\/www.residentesedenpanama.org\/wp-content\/uploads\/2018\/02\/llenar_encuesta_website_pc-1-1024x307.jpg 1024w\" sizes=\"(max-width: 1258px) 100vw, 1258px\" \/><\/p>\n<p>Seleccione la opci\u00f3n que desea y presione el bot\u00f3n \u00ab<em>Vote<\/em>\u00ab.<\/p>\n<h3>Para votar desde un smartphone<\/h3>\n<p>Ingrese al sitio con su usuario y contrase\u00f1a, luego haga click sobre la opci\u00f3n \u00abVisitar sitio\u00bb como se muestra en la siguiente figura.<\/p>\n<p><img loading=\"lazy\" class=\"aligncenter wp-image-1550\" src=\"http:\/\/www.residentesedenpanama.org\/wp-content\/uploads\/2018\/02\/dashboard_smarthphone.jpg\" alt=\"\" width=\"250\" height=\"444\" srcset=\"https:\/\/www.residentesedenpanama.org\/wp-content\/uploads\/2018\/02\/dashboard_smarthphone.jpg 540w, https:\/\/www.residentesedenpanama.org\/wp-content\/uploads\/2018\/02\/dashboard_smarthphone-169x300.jpg 169w\" sizes=\"(max-width: 250px) 100vw, 250px\" \/><\/p>\n<p>Le aparecer\u00e1 una pantalla similar a la siguiente.<\/p>\n<p><img loading=\"lazy\" class=\"aligncenter wp-image-2862\" src=\"http:\/\/www.residentesedenpanama.org\/wp-content\/uploads\/2018\/10\/pantalla_inicial_usuario_smarthphone-1-169x300.jpg\" alt=\"\" width=\"250\" height=\"444\" srcset=\"https:\/\/www.residentesedenpanama.org\/wp-content\/uploads\/2018\/10\/pantalla_inicial_usuario_smarthphone-1-169x300.jpg 169w, https:\/\/www.residentesedenpanama.org\/wp-content\/uploads\/2018\/10\/pantalla_inicial_usuario_smarthphone-1.jpg 540w\" sizes=\"(max-width: 250px) 100vw, 250px\" \/><\/p>\n<p>Es necesario que se desplace hacia abajo ya que la columna que en las port\u00e1tiles aparece a la derecha, en los Smartphone, aparece debajo de las entradas y p\u00e1ginas, busque la secci\u00f3n \u00ab<em>ENCUESTA PARA RESIDENTES PROPIETARIOS<\/em>\u00ab, tal u como se muestra en la siguiente figura.<\/p>\n<p><img loading=\"lazy\" class=\"aligncenter wp-image-1553\" src=\"http:\/\/www.residentesedenpanama.org\/wp-content\/uploads\/2018\/02\/llenar_encuesta_website_smartphone.jpg\" alt=\"\" width=\"250\" height=\"444\" srcset=\"https:\/\/www.residentesedenpanama.org\/wp-content\/uploads\/2018\/02\/llenar_encuesta_website_smartphone.jpg 540w, https:\/\/www.residentesedenpanama.org\/wp-content\/uploads\/2018\/02\/llenar_encuesta_website_smartphone-169x300.jpg 169w\" sizes=\"(max-width: 250px) 100vw, 250px\" \/><\/p>\n<p>Ahora estar\u00e1 habilitado para seleccionar su escogencia y pulsar el bot\u00f3n \u00ab<em>Vote<\/em>\u00ab.<\/p>\n<p>Es importante resaltar que la votaci\u00f3n es por propietario y escuesta, cada vez que un usuario registrado en el sitio vota, no puede volver a votar en la misma encuesta.<\/p>\n<p>Para saltar a otra encuesta, simplemente cargue o refresque la p\u00e1gina nuevamente, en algunos buscadores de internet se puede tambi\u00e9n realizar esta tarea presionando la tecla F5, hasta que cambie la encuesta.<\/p>\n<p>Los resultados se mostrar\u00e1n autom\u00e1ticamente una vez la encuesta tenga votos registrados.<\/p>\n<p>Recuerde cerrar su sesi\u00f3n, una ver termine de realizar la tarea deseada.<\/p>\n","protected":false},"excerpt":{"rendered":"<p>Actualmente las encuestas est\u00e1n dirigidas espec\u00edficamente a los residentes propietarios, al presente existe una encuesta que se est\u00e1n llevando a cabo simult\u00e1neamente, las preguntas son las siguientes: \u00bfEsta de acuerdo con que nuestra barriada se conecte por medio de un puente a otros proyectos nuevos de residenciales colindante con la nuestra? Para votar usted debe [&hellip;]<\/p>\n","protected":false},"author":38,"featured_media":0,"parent":0,"menu_order":0,"comment_status":"closed","ping_status":"closed","template":"","meta":[],"_links":{"self":[{"href":"https:\/\/www.residentesedenpanama.org\/index.php\/wp-json\/wp\/v2\/pages\/1494"}],"collection":[{"href":"https:\/\/www.residentesedenpanama.org\/index.php\/wp-json\/wp\/v2\/pages"}],"about":[{"href":"https:\/\/www.residentesedenpanama.org\/index.php\/wp-json\/wp\/v2\/types\/page"}],"author":[{"embeddable":true,"href":"https:\/\/www.residentesedenpanama.org\/index.php\/wp-json\/wp\/v2\/users\/38"}],"replies":[{"embeddable":true,"href":"https:\/\/www.residentesedenpanama.org\/index.php\/wp-json\/wp\/v2\/comments?post=1494"}],"version-history":[{"count":20,"href":"https:\/\/www.residentesedenpanama.org\/index.php\/wp-json\/wp\/v2\/pages\/1494\/revisions"}],"predecessor-version":[{"id":2866,"href":"https:\/\/www.residentesedenpanama.org\/index.php\/wp-json\/wp\/v2\/pages\/1494\/revisions\/2866"}],"wp:attachment":[{"href":"https:\/\/www.residentesedenpanama.org\/index.php\/wp-json\/wp\/v2\/media?parent=1494"}],"curies":[{"name":"wp","href":"https:\/\/api.w.org\/{rel}","templated":true}]}}