{"id":1488,"date":"2018-02-07T23:55:28","date_gmt":"2018-02-08T04:55:28","guid":{"rendered":"http:\/\/www.residentesedenpanama.org\/?page_id=1488"},"modified":"2019-04-12T13:12:54","modified_gmt":"2019-04-12T18:12:54","slug":"pasos-para-registrarse-en-el-sitio","status":"publish","type":"page","link":"https:\/\/www.residentesedenpanama.org\/index.php\/pasos-para-registrarse-en-el-sitio\/","title":{"rendered":"Pasos para registrarse en el sitio"},"content":{"rendered":"<p>Si usted es residente siga los siguientes pasos para registrarse en el sitio:<\/p>\n<ol>\n<li style=\"padding-bottom: 10px;\">Env\u00edenos su <u><em>nombre,<\/em><em> apellido y <\/em><em>correo electr\u00f3nico<\/em><\/u> a:\u00a0<strong><em>residenteseden@gmail.com<\/em><\/strong><\/li>\n<li style=\"padding-bottom: 10px;\">Luego de esto, nos pondremos en contacto con usted, para corroborar la informaci\u00f3n suministrada.<\/li>\n<li>Una vez verificada la informaci\u00f3n, le remitiremos a su correo electr\u00f3nico su nombre de usuario y contrase\u00f1a, le sugerimos personalizar la misma, recuerde usar una contrase\u00f1a robusta con un m\u00ednimo de siete caracteres por lo menos.<\/li>\n<\/ol>\n<p>Actualmente solo se esta registrando un solo propietario por residencia. Si tiene alg\u00fan inconveniente en el proceso no dude en escribirnos, le contestaremos lo mas pronto posible.<\/p>\n<p>&nbsp;<\/p>\n","protected":false},"excerpt":{"rendered":"<p>Si usted es residente siga los siguientes pasos para registrarse en el sitio: Env\u00edenos su nombre, apellido y correo electr\u00f3nico a:\u00a0residenteseden@gmail.com Luego de esto, nos pondremos en contacto con usted, para corroborar la informaci\u00f3n suministrada. Una vez verificada la informaci\u00f3n, le remitiremos a su correo electr\u00f3nico su nombre de usuario y contrase\u00f1a, le sugerimos personalizar [&hellip;]<\/p>\n","protected":false},"author":38,"featured_media":0,"parent":0,"menu_order":0,"comment_status":"closed","ping_status":"closed","template":"","meta":[],"_links":{"self":[{"href":"https:\/\/www.residentesedenpanama.org\/index.php\/wp-json\/wp\/v2\/pages\/1488"}],"collection":[{"href":"https:\/\/www.residentesedenpanama.org\/index.php\/wp-json\/wp\/v2\/pages"}],"about":[{"href":"https:\/\/www.residentesedenpanama.org\/index.php\/wp-json\/wp\/v2\/types\/page"}],"author":[{"embeddable":true,"href":"https:\/\/www.residentesedenpanama.org\/index.php\/wp-json\/wp\/v2\/users\/38"}],"replies":[{"embeddable":true,"href":"https:\/\/www.residentesedenpanama.org\/index.php\/wp-json\/wp\/v2\/comments?post=1488"}],"version-history":[{"count":10,"href":"https:\/\/www.residentesedenpanama.org\/index.php\/wp-json\/wp\/v2\/pages\/1488\/revisions"}],"predecessor-version":[{"id":3546,"href":"https:\/\/www.residentesedenpanama.org\/index.php\/wp-json\/wp\/v2\/pages\/1488\/revisions\/3546"}],"wp:attachment":[{"href":"https:\/\/www.residentesedenpanama.org\/index.php\/wp-json\/wp\/v2\/media?parent=1488"}],"curies":[{"name":"wp","href":"https:\/\/api.w.org\/{rel}","templated":true}]}}