{"id":1453,"date":"2018-02-07T13:00:52","date_gmt":"2018-02-07T18:00:52","guid":{"rendered":"http:\/\/www.residentesedenpanama.org\/?page_id=1453"},"modified":"2018-02-07T23:57:05","modified_gmt":"2018-02-08T04:57:05","slug":"preguntas-frecuentes","status":"publish","type":"page","link":"https:\/\/www.residentesedenpanama.org\/index.php\/preguntas-frecuentes\/","title":{"rendered":"Preguntas frecuentes"},"content":{"rendered":"<p><em><strong>Si ya existen otros medios de comunicaci\u00f3n como las volantes y el chat, \u00bfPara qu\u00e9 un sitio web?<\/strong><\/em><\/p>\n<p>El concepto fundamental detras de la creaci\u00f3n y puesta en marcha del sitio web del Ed\u00e9n es: <em>mantener informados al mayor n\u00famero de residentes de una manera eficiente y oportuna, <\/em>de esta forma es posible ahorrar en costos de publicidad, tiempo y esfuerzo a los residentes<em>,<\/em> lo que con los medios manuales y tecnol\u00f3gicos usados actualmente, no se logra a cabalidad.\u00a0 Sin lugar a dudas, una comunicaci\u00f3n efectiva, puede servir de fuerza propulsora en la lucha para lograr nuestras reivindicaciones como comunidad y proyectarnos en la consecuci\u00f3n de proyectos de beneficio com\u00fan.<\/p>\n<p><em><strong>\u00bfQui\u00e9n maneja este sitio?<\/strong><\/em><\/p>\n<p>Antes que todo, hay que entender que el Sitio Web Residentes Ed\u00e9n de Arraij\u00e1n, es una propuesta funcional desarrollada por un grupo provisional de residentes, que consideran que esta iniciativa, puede ayudar a mejorar la comunicaci\u00f3n de informaci\u00f3n entre los residentes.\u00a0 Al igual que el grupo actual de Whassapt, la participaci\u00f3n es voluntaria y la autorizaci\u00f3n se obtiene de cada residente que decide registrarse voluntariamente en el sitio.<\/p>\n<p>Este proyecto ser\u00e1 cedido a la Junta de Desarrollo Local una vez se conforme, confiando en que de una forma democr\u00e1tica, los vecinos podr\u00e1n evaluar las ventajas que puede aportar esta iniciativa para la comunidad.<\/p>\n<p><em><strong>\u00bfTiene alg\u00fan costo para m\u00ed, la participaci\u00f3n en este sitio?<\/strong><\/em><\/p>\n<p>No, bajo el grupo de residentes que ha colaborado de una u otra forma con el desarrollo y puesta en ejecuci\u00f3n de este portal hasta el d\u00eda de hoy, nunca se ha solicitado ning\u00fan costo por el uso del sitio, y mientras nos mantengamos como administradores lo mantendremos as\u00ed.\u00a0 El sitio fue desarrollado con herramientas Open Source, adem\u00e1s de utilizar una empresa que provee servicios de hosting con una determinada cantidad de alojamiento sin costo, una entidad que permite nombres de dominio gratuitos, adem\u00e1s de que el dise\u00f1o e implementaci\u00f3n del sitio, es donado por el desarrollador a la comunidad.<\/p>\n<p><em><strong>Por qu\u00e9 veo clasificados y propangadas en el sitio, \u00bfpiensan vender publicidad?<\/strong><\/em><\/p>\n<p>La secci\u00f3n de clasificados, fue a\u00f1adida como una forma de apoyar a los vecinos que no tienen trabajo actualmente, o que desean promocionar sus productos y servicios como una forma de obtener ingresos adicionales que les permitan cubrir las necesidades que tengan, este servicio es gratuito para los propietarios del residencial.<\/p>\n<p>El \u00e1rea de publicidad fue pensada para personas o empresas patrocinadoras, que deseen contribuir con el mantenimiento del sitio, tomando en consideraci\u00f3n que a medida que el sitio crezca, se requerir\u00e1 el aumento de la capacidad de alojamiento del mismo, lo cual conllevar\u00eda un costo adicional.<\/p>\n<p>De todas formas la permanencia de estas secciones, quedar\u00e1 a criterio de la Junta de Desarrollo Local, o en su defecto, la Asamblea de Propietarios del Residencial.<\/p>\n<p><strong><em>Ya que dicen que el espacio es limitado en las opciones que estas empresas de alojamiento ofrecen como gratuitas, \u00bfcomo piensan financiar el aumento de capacidad del sitio, cuando este se requiera?<\/em><\/strong><\/p>\n<p>Mientras esta administraci\u00f3n se mantenga, cuando se requiera mayor capacidad,\u00a0 el sitio se pretende financiar con PATROCINADORES VOLUNTARIOS que quieran contribuir con mantener este proyecto funcionando. De darse esta situaci\u00f3n, el costo y los patrocinadores ser\u00e1n publicados lo mas pronto posible en la secci\u00f3n de transparencia de este sitio, secci\u00f3n dise\u00f1ada especialmente para rendir cuentas del manejo del dinero del residencial, quedando dicha informaci\u00f3n a la disposici\u00f3n de todos los residentes inscritos que la quieran revisar.<\/p>\n<p><em><strong> \u00bfQui\u00e9n sale beneficiado con la implementaci\u00f3n de este portal?<\/strong><\/em><\/p>\n<p>Sin ninguna duda la comunidad, ya que el mismo permite incrementar la comunicaci\u00f3n, la integraci\u00f3n de los residentes, la transparencia y el trabajo colaborativo.<\/p>\n<p><em><strong>\u00bfQui\u00e9nes pueden sentirse amenazados por la existencia de este sitio?<\/strong><\/em><\/p>\n<p>Definitivamente, aquellos que mantienen muchos pendientes con la barriada y los que los apoyan en detrimento de las justas reivindicaciones de la comunidad.<\/p>\n<p><em><strong>Si soy residente, \u00bfQue ventaja me aporta registrarme en el sitio?<\/strong><\/em><\/p>\n<p>Entre las ventajas le puedo mencionar:<\/p>\n<ol>\n<li>Contar con una ubicaci\u00f3n centralizada y ordenada de informaci\u00f3n relevante del residencial, donde <em><u>todos los residentes de manera igualitaria, tienen acceso a la misma<\/u><\/em>, todo el a\u00f1o, 7 d\u00edas a la semana, 24 horas al d\u00eda. Esta informaci\u00f3n ser\u00eda informaci\u00f3n clasificada para residentes, que puede pasar por comunicados, informes contables, documentos reivindicativos, acciones administrativas, legales o de cualquier otro tipo, las cuales no es necesario que obtengan, personas ajenas al residencial .<\/li>\n<li>Tomarle el pulso a sus opiniones, esto es, la posibilidad de interpretar que piensan en realidad los residentes, por lo que no se trabajar\u00eda sobre supuestos u opiniones parciales. Si la gran mayor\u00eda de residentes estuvieran inscritos, se podr\u00edan implementar herramientas que permitir\u00edan determinar democr\u00e1tica mente, cual es realmente la opini\u00f3n de la comunidad y gestionar soluciones en base a estas necesidades.<\/li>\n<li>Promover la transparencia, a trav\u00e9s de la implementaci\u00f3n de una secci\u00f3n exclusiva para este contenido.<\/li>\n<li>La capacidad de aportar ideas y conocimiento a la comunidad ,a trav\u00e9s de sus publicaciones en el web site.<\/li>\n<li>Promover sus servicios, actividades, eventos o productos a trav\u00e9s de los clasificados del sitio, lo cual no representa ning\u00fan costo para el residente a la fecha.<\/li>\n<li>Interactuar por medio de este portal web con otros residentes, sobre temas de inter\u00e9s com\u00fan.<\/li>\n<\/ol>\n<p><strong><em>\u00bfNo es peligroso para mi, aportar informaci\u00f3n personal a este sitio?<\/em><\/strong><\/p>\n<p>Si se observa con detenimiento, la cantidad de informaci\u00f3n solicitada es m\u00ednima, comparados con otros sitios web que recogen mucha mas informaci\u00f3n y salvo el n\u00famero de casa y el tel\u00e9fono (opcional) la misma es casi la estandar para internet en los sitios mas populares. Su informaci\u00f3n se mantendr\u00e1 resguardada en un Base de Datos con buenos controles de seguridad.<\/p>\n<p><em><strong> \u00bfQue se har\u00e1 con mis datos?<\/strong><\/em><\/p>\n<p>Su informaci\u00f3n solo ser\u00e1 usada con fines de localizaci\u00f3n y comunicaci\u00f3n detro del residencial, una vez conformada la Junta de Desarrollo Local, sus datos ser\u00e1n cedidos a la Junta, la cual estar\u00e1 encargada de normar el funcionamiento del sitio y su informaci\u00f3n.<\/p>\n","protected":false},"excerpt":{"rendered":"<p>Si ya existen otros medios de comunicaci\u00f3n como las volantes y el chat, \u00bfPara qu\u00e9 un sitio web? El concepto fundamental detras de la creaci\u00f3n y puesta en marcha del sitio web del Ed\u00e9n es: mantener informados al mayor n\u00famero de residentes de una manera eficiente y oportuna, de esta forma es posible ahorrar en [&hellip;]<\/p>\n","protected":false},"author":38,"featured_media":0,"parent":0,"menu_order":0,"comment_status":"closed","ping_status":"closed","template":"","meta":[],"_links":{"self":[{"href":"https:\/\/www.residentesedenpanama.org\/index.php\/wp-json\/wp\/v2\/pages\/1453"}],"collection":[{"href":"https:\/\/www.residentesedenpanama.org\/index.php\/wp-json\/wp\/v2\/pages"}],"about":[{"href":"https:\/\/www.residentesedenpanama.org\/index.php\/wp-json\/wp\/v2\/types\/page"}],"author":[{"embeddable":true,"href":"https:\/\/www.residentesedenpanama.org\/index.php\/wp-json\/wp\/v2\/users\/38"}],"replies":[{"embeddable":true,"href":"https:\/\/www.residentesedenpanama.org\/index.php\/wp-json\/wp\/v2\/comments?post=1453"}],"version-history":[{"count":4,"href":"https:\/\/www.residentesedenpanama.org\/index.php\/wp-json\/wp\/v2\/pages\/1453\/revisions"}],"predecessor-version":[{"id":1490,"href":"https:\/\/www.residentesedenpanama.org\/index.php\/wp-json\/wp\/v2\/pages\/1453\/revisions\/1490"}],"wp:attachment":[{"href":"https:\/\/www.residentesedenpanama.org\/index.php\/wp-json\/wp\/v2\/media?parent=1453"}],"curies":[{"name":"wp","href":"https:\/\/api.w.org\/{rel}","templated":true}]}}