{"id":1449,"date":"2018-02-07T13:38:17","date_gmt":"2018-02-07T18:38:17","guid":{"rendered":"http:\/\/www.residentesedenpanama.org\/?page_id=1449"},"modified":"2019-09-01T20:12:03","modified_gmt":"2019-09-02T01:12:03","slug":"tutorial-para-ingresar-como-usuario","status":"publish","type":"page","link":"https:\/\/www.residentesedenpanama.org\/index.php\/tutorial-para-ingresar-como-usuario\/","title":{"rendered":"Tutorial para ingresar como usuario"},"content":{"rendered":"<h3>Ingresar con su usuario desde una pc, port\u00e1til o tablet<\/h3>\n<p>El siguiente v\u00eddeo describe la forma de ingreso al sistema y los pasos para poder visualizar las opciones habilitadas para residentes.<\/p>\n<div style=\"width: 640px;\" class=\"wp-video\"><!--[if lt IE 9]><script>document.createElement('video');<\/script><![endif]-->\n<video class=\"wp-video-shortcode\" id=\"video-1449-1\" width=\"640\" height=\"360\" preload=\"metadata\" controls=\"controls\"><source type=\"video\/mp4\" src=\"http:\/\/www.residentesedenpanama.org\/wp-content\/uploads\/2017\/06\/ingreso_residentes.mp4?_=1\" \/><a href=\"http:\/\/www.residentesedenpanama.org\/wp-content\/uploads\/2017\/06\/ingreso_residentes.mp4\">http:\/\/www.residentesedenpanama.org\/wp-content\/uploads\/2017\/06\/ingreso_residentes.mp4<\/a><\/video><\/div>\n<p>&nbsp;<\/p>\n<h3>Ingresar con su usuario desde un smartphone<\/h3>\n<p>Ejecute el buscador de internet que tenga instalado en su tel\u00e9fono inteligente, en este caso se utiliz\u00f3 Internet de Samsung, recomendamos utilizar Google Chrome, de todas formas ya que utiliza tecnolog\u00eda web, la interfaz o pantallas deben ser similares en la mayor\u00eda de buscadores, ver la siguiente imagen.<\/p>\n<p><img loading=\"lazy\" class=\"aligncenter wp-image-1557\" src=\"http:\/\/www.residentesedenpanama.org\/wp-content\/uploads\/2018\/02\/pantalla_inicial_smartphone.jpg\" alt=\"\" width=\"349\" height=\"620\" srcset=\"https:\/\/www.residentesedenpanama.org\/wp-content\/uploads\/2018\/02\/pantalla_inicial_smartphone.jpg 540w, https:\/\/www.residentesedenpanama.org\/wp-content\/uploads\/2018\/02\/pantalla_inicial_smartphone-169x300.jpg 169w\" sizes=\"(max-width: 349px) 100vw, 349px\" \/><\/p>\n<p>&nbsp;<\/p>\n<p>En la barra de direcciones<\/p>\n<p><img loading=\"lazy\" class=\"aligncenter wp-image-1571\" src=\"http:\/\/www.residentesedenpanama.org\/wp-content\/uploads\/2018\/02\/20180219_072559.jpg\" alt=\"\" width=\"349\" height=\"208\" srcset=\"https:\/\/www.residentesedenpanama.org\/wp-content\/uploads\/2018\/02\/20180219_072559.jpg 540w, https:\/\/www.residentesedenpanama.org\/wp-content\/uploads\/2018\/02\/20180219_072559-300x179.jpg 300w\" sizes=\"(max-width: 349px) 100vw, 349px\" \/><\/p>\n<p>escribir la direcci\u00f3n<em> http:\/\/www.residentesedenpanama.org\/wp-login.php<\/em> y presiona buscar.\u00a0 Le aparecer\u00e1 la pantalla para ingresar su usuario y contrase\u00f1a como se muestra a continuaci\u00f3n:<\/p>\n<p><img loading=\"lazy\" class=\"aligncenter wp-image-2846\" src=\"http:\/\/www.residentesedenpanama.org\/wp-content\/uploads\/2018\/10\/pantalla_ingreso_smartphone.jpg\" alt=\"\" width=\"349\" height=\"620\" srcset=\"https:\/\/www.residentesedenpanama.org\/wp-content\/uploads\/2018\/10\/pantalla_ingreso_smartphone.jpg 540w, https:\/\/www.residentesedenpanama.org\/wp-content\/uploads\/2018\/10\/pantalla_ingreso_smartphone-169x300.jpg 169w\" sizes=\"(max-width: 349px) 100vw, 349px\" \/><\/p>\n<p>Una vez colocado su nombre de usuario y contrase\u00f1a y pulsado el bot\u00f3n [Acceder], ingresar\u00e1 al \u00e1rea de trabajo o escritorio del sitio, se desplegar\u00e1 una pantalla similar a la siguiente:<\/p>\n<p><img loading=\"lazy\" class=\"aligncenter wp-image-1561\" src=\"http:\/\/www.residentesedenpanama.org\/wp-content\/uploads\/2018\/02\/dashboard_00_smarthphone.jpg\" alt=\"\" width=\"349\" height=\"620\" srcset=\"https:\/\/www.residentesedenpanama.org\/wp-content\/uploads\/2018\/02\/dashboard_00_smarthphone.jpg 540w, https:\/\/www.residentesedenpanama.org\/wp-content\/uploads\/2018\/02\/dashboard_00_smarthphone-169x300.jpg 169w\" sizes=\"(max-width: 349px) 100vw, 349px\" \/><\/p>\n<p>Si presiona el bot\u00f3n de rayas ubicado en la esquina superior izquierda, se le desplegar\u00e1 el men\u00fa del \u00e1rea de trabajo, donde podr\u00e1 ingresar entradas, im\u00e1genes y video, adem\u00e1s de otros elementos multimedia.\u00a0 Ver imag\u00e9n adjunta.<\/p>\n<p><img loading=\"lazy\" class=\"aligncenter wp-image-2844\" src=\"http:\/\/www.residentesedenpanama.org\/wp-content\/uploads\/2018\/10\/dashboard_menu_smarthphone.jpg\" alt=\"\" width=\"349\" height=\"620\" srcset=\"https:\/\/www.residentesedenpanama.org\/wp-content\/uploads\/2018\/10\/dashboard_menu_smarthphone.jpg 540w, https:\/\/www.residentesedenpanama.org\/wp-content\/uploads\/2018\/10\/dashboard_menu_smarthphone-169x300.jpg 169w\" sizes=\"(max-width: 349px) 100vw, 349px\" \/><\/p>\n<p>Para poder ver y utilizar las opciones del men\u00fa para residentes debe presionar el bot\u00f3n en forma de casa y luego escoger la opci\u00f3n \u00abVisitar sitio\u00bb, tal y como aparece en la pantalla siguiente.<\/p>\n<p><img loading=\"lazy\" class=\"aligncenter wp-image-1563\" src=\"http:\/\/www.residentesedenpanama.org\/wp-content\/uploads\/2018\/02\/dashboard_smarthphone-2.jpg\" alt=\"\" width=\"349\" height=\"620\" srcset=\"https:\/\/www.residentesedenpanama.org\/wp-content\/uploads\/2018\/02\/dashboard_smarthphone-2.jpg 540w, https:\/\/www.residentesedenpanama.org\/wp-content\/uploads\/2018\/02\/dashboard_smarthphone-2-169x300.jpg 169w\" sizes=\"(max-width: 349px) 100vw, 349px\" \/><\/p>\n<p>Luego volver\u00e1 a aparecerle el sitio, pero con caracter\u00edsticas distintas, una de las cuales es que las opciones de men\u00fa se amplian para dar paso a informaci\u00f3n pertinente para residentes, adicional a las que ya se ve\u00edan con la informaci\u00f3n p\u00fablica.<\/p>\n<p><img loading=\"lazy\" class=\"aligncenter wp-image-1564\" src=\"http:\/\/www.residentesedenpanama.org\/wp-content\/uploads\/2018\/02\/pantalla_menu_usuario_smarthphone.jpg\" alt=\"\" width=\"349\" height=\"620\" srcset=\"https:\/\/www.residentesedenpanama.org\/wp-content\/uploads\/2018\/02\/pantalla_menu_usuario_smarthphone.jpg 540w, https:\/\/www.residentesedenpanama.org\/wp-content\/uploads\/2018\/02\/pantalla_menu_usuario_smarthphone-169x300.jpg 169w\" sizes=\"(max-width: 349px) 100vw, 349px\" \/><\/p>\n<p>Si desea regresar al escritorio o \u00e1rea de trabajo solo seleccione la opci\u00f3n \u00ab<em>Escritorio<\/em>\u00ab, en la esquina superior izquierda.<\/p>\n<p>Si desea salir de su sesi\u00f3n pulse sobre el icono de una persona en la esquina superior derecha y luego cerrar sesi\u00f3n<\/p>\n<p><img loading=\"lazy\" class=\"aligncenter wp-image-2847\" src=\"http:\/\/www.residentesedenpanama.org\/wp-content\/uploads\/2018\/10\/pantalla_inicial_usuario_smarthphone.jpg\" alt=\"\" width=\"349\" height=\"620\" srcset=\"https:\/\/www.residentesedenpanama.org\/wp-content\/uploads\/2018\/10\/pantalla_inicial_usuario_smarthphone.jpg 540w, https:\/\/www.residentesedenpanama.org\/wp-content\/uploads\/2018\/10\/pantalla_inicial_usuario_smarthphone-169x300.jpg 169w\" sizes=\"(max-width: 349px) 100vw, 349px\" \/><\/p>\n<p>Existen dos tutoriales mas para aprender a utilizar el sitio:<\/p>\n<ol>\n<li>Uso del sitio, paso a paso<\/li>\n<li>Opciones para Editores.<\/li>\n<\/ol>\n<p>Los cuales se encuentran en la seccion <em>Recursos del Sitio<\/em> ubicada en la columna derecha de este portal web.<\/p>\n<p>&nbsp;<\/p>\n","protected":false},"excerpt":{"rendered":"<p>Ingresar con su usuario desde una pc, port\u00e1til o tablet El siguiente v\u00eddeo describe la forma de ingreso al sistema y los pasos para poder visualizar las opciones habilitadas para residentes. &nbsp; Ingresar con su usuario desde un smartphone Ejecute el buscador de internet que tenga instalado en su tel\u00e9fono inteligente, en este caso se [&hellip;]<\/p>\n","protected":false},"author":38,"featured_media":0,"parent":0,"menu_order":0,"comment_status":"closed","ping_status":"closed","template":"","meta":[],"_links":{"self":[{"href":"https:\/\/www.residentesedenpanama.org\/index.php\/wp-json\/wp\/v2\/pages\/1449"}],"collection":[{"href":"https:\/\/www.residentesedenpanama.org\/index.php\/wp-json\/wp\/v2\/pages"}],"about":[{"href":"https:\/\/www.residentesedenpanama.org\/index.php\/wp-json\/wp\/v2\/types\/page"}],"author":[{"embeddable":true,"href":"https:\/\/www.residentesedenpanama.org\/index.php\/wp-json\/wp\/v2\/users\/38"}],"replies":[{"embeddable":true,"href":"https:\/\/www.residentesedenpanama.org\/index.php\/wp-json\/wp\/v2\/comments?post=1449"}],"version-history":[{"count":23,"href":"https:\/\/www.residentesedenpanama.org\/index.php\/wp-json\/wp\/v2\/pages\/1449\/revisions"}],"predecessor-version":[{"id":4079,"href":"https:\/\/www.residentesedenpanama.org\/index.php\/wp-json\/wp\/v2\/pages\/1449\/revisions\/4079"}],"wp:attachment":[{"href":"https:\/\/www.residentesedenpanama.org\/index.php\/wp-json\/wp\/v2\/media?parent=1449"}],"curies":[{"name":"wp","href":"https:\/\/api.w.org\/{rel}","templated":true}]}}