{"id":1446,"date":"2018-02-07T12:49:11","date_gmt":"2018-02-07T17:49:11","guid":{"rendered":"http:\/\/www.residentesedenpanama.org\/?page_id=1446"},"modified":"2018-02-08T13:18:16","modified_gmt":"2018-02-08T18:18:16","slug":"acerca-del-sitio","status":"publish","type":"page","link":"https:\/\/www.residentesedenpanama.org\/index.php\/acerca-del-sitio\/","title":{"rendered":"Acerca del sitio"},"content":{"rendered":"<p>El sitio web Residentes del Ed\u00e9n de Arraij\u00e1n, Panam\u00e1 pretende ser una ventana a la comunidad y al mundo sobre aspectos de inter\u00e9s y actividades de la comunidad, los visitantes podr\u00e1n tener una breve noci\u00f3n del lugar donde vivimos, aprender sobre temas de inter\u00e9s com\u00fan, saber de nuestras actividades y eventos, constituy\u00e9ndose de esta forma en una ventana para la cultura y el conocimiento.<\/p>\n<div>El sitio web pretende mejorar la comunicaci\u00f3n en el residencial, auspiciar la democracia y las decisiones consensuadas por la mayor\u00eda, fomentar la transparencia, luchar por lo justo y ser en fin de cuentas un instrumento de integraci\u00f3n para la comunidad.<\/div>\n<p>&nbsp;<\/p>\n","protected":false},"excerpt":{"rendered":"<p>El sitio web Residentes del Ed\u00e9n de Arraij\u00e1n, Panam\u00e1 pretende ser una ventana a la comunidad y al mundo sobre aspectos de inter\u00e9s y actividades de la comunidad, los visitantes podr\u00e1n tener una breve noci\u00f3n del lugar donde vivimos, aprender sobre temas de inter\u00e9s com\u00fan, saber de nuestras actividades y eventos, constituy\u00e9ndose de esta forma [&hellip;]<\/p>\n","protected":false},"author":38,"featured_media":0,"parent":0,"menu_order":0,"comment_status":"closed","ping_status":"closed","template":"","meta":[],"_links":{"self":[{"href":"https:\/\/www.residentesedenpanama.org\/index.php\/wp-json\/wp\/v2\/pages\/1446"}],"collection":[{"href":"https:\/\/www.residentesedenpanama.org\/index.php\/wp-json\/wp\/v2\/pages"}],"about":[{"href":"https:\/\/www.residentesedenpanama.org\/index.php\/wp-json\/wp\/v2\/types\/page"}],"author":[{"embeddable":true,"href":"https:\/\/www.residentesedenpanama.org\/index.php\/wp-json\/wp\/v2\/users\/38"}],"replies":[{"embeddable":true,"href":"https:\/\/www.residentesedenpanama.org\/index.php\/wp-json\/wp\/v2\/comments?post=1446"}],"version-history":[{"count":3,"href":"https:\/\/www.residentesedenpanama.org\/index.php\/wp-json\/wp\/v2\/pages\/1446\/revisions"}],"predecessor-version":[{"id":1510,"href":"https:\/\/www.residentesedenpanama.org\/index.php\/wp-json\/wp\/v2\/pages\/1446\/revisions\/1510"}],"wp:attachment":[{"href":"https:\/\/www.residentesedenpanama.org\/index.php\/wp-json\/wp\/v2\/media?parent=1446"}],"curies":[{"name":"wp","href":"https:\/\/api.w.org\/{rel}","templated":true}]}}