{"id":116,"date":"2017-05-20T05:57:04","date_gmt":"2017-05-20T05:57:04","guid":{"rendered":"http:\/\/residentesedenpanama.000webhostapp.com\/?page_id=116"},"modified":"2024-12-20T16:00:33","modified_gmt":"2024-12-20T21:00:33","slug":"bienvenidos-al-sitio-de-la-comunidad-de-residentes-eden-de-arraijan","status":"publish","type":"page","link":"https:\/\/www.residentesedenpanama.org\/","title":{"rendered":""},"content":{"rendered":"<h2><em>\u00daltimas Noticias<\/em><\/h2>\n\n<center><\/center><center><\/center><center><em><style>.wp-show-posts-columns#wpsp-3548 {margin-left: -2em; }.wp-show-posts-columns#wpsp-3548 .wp-show-posts-inner {margin: 0 0 2em 2em; }<\/style><section id=\"wpsp-3548\" class=\" wp-show-posts\" style=\"\"><article class=\" wp-show-posts-single wpsp-clearfix post-5799 post type-post status-publish format-standard hentry category-noticias\" itemtype=\"http:\/\/schema.org\/CreativeWork\" itemscope><div class=\"wp-show-posts-inner\" style=\"\">\t\t\t\t\t\t<header class=\"wp-show-posts-entry-header\">\n\t\t\t\t\t\t\t<h2 class=\"wp-show-posts-entry-title\" itemprop=\"headline\"><a href=\"https:\/\/www.residentesedenpanama.org\/index.php\/2024\/12\/20\/el-eden-celebro-su-desfile-de-navidad-2024-el-pasado-domingo\/\" rel=\"bookmark\">El Ed\u00e9n celebr\u00f3 desfile de navidad 2024 el pasado domingo.<\/a><\/h2><div class=\"wp-show-posts-entry-meta wp-show-posts-entry-meta-below-title post-meta-inline\"><span class=\"wp-show-posts-posted-on wp-show-posts-meta\">\n\t\t\t\t\t<a href=\"https:\/\/www.residentesedenpanama.org\/index.php\/2024\/12\/20\/el-eden-celebro-su-desfile-de-navidad-2024-el-pasado-domingo\/\" title=\"3:59 pm\" rel=\"bookmark\"><time class=\"wp-show-posts-entry-date published\" datetime=\"2024-12-20T15:59:59-05:00\" itemprop=\"datePublished\">20 diciembre, 2024<\/time><time class=\"wp-show-posts-updated\" datetime=\"2024-12-20T18:54:14-05:00\" itemprop=\"dateModified\">20 diciembre, 2024<\/time><\/a>\n\t\t\t\t<\/span><\/div>\t\t\t\t\t\t<\/header><!-- .entry-header -->\n\t\t\t\t\t<\/div><!-- wp-show-posts-inner --><div class=\"wpsp-clear\"><\/div><\/article><article class=\" wp-show-posts-single wpsp-clearfix post-5795 post type-post status-publish format-standard hentry category-noticias\" itemtype=\"http:\/\/schema.org\/CreativeWork\" itemscope><div class=\"wp-show-posts-inner\" style=\"\">\t\t\t\t\t\t<header class=\"wp-show-posts-entry-header\">\n\t\t\t\t\t\t\t<h2 class=\"wp-show-posts-entry-title\" itemprop=\"headline\"><a href=\"https:\/\/www.residentesedenpanama.org\/index.php\/2024\/12\/15\/hoy-se-celebrara-el-desfile-navideno-eden-2024\/\" rel=\"bookmark\">Hoy se celebrar\u00e1 el desfile navide\u00f1o Ed\u00e9n 2024.<\/a><\/h2><div class=\"wp-show-posts-entry-meta wp-show-posts-entry-meta-below-title post-meta-inline\"><span class=\"wp-show-posts-posted-on wp-show-posts-meta\">\n\t\t\t\t\t<a href=\"https:\/\/www.residentesedenpanama.org\/index.php\/2024\/12\/15\/hoy-se-celebrara-el-desfile-navideno-eden-2024\/\" title=\"7:51 am\" rel=\"bookmark\"><time class=\"wp-show-posts-entry-date published\" datetime=\"2024-12-15T07:51:33-05:00\" itemprop=\"datePublished\">15 diciembre, 2024<\/time><time class=\"wp-show-posts-updated\" datetime=\"2024-12-15T07:51:34-05:00\" itemprop=\"dateModified\">15 diciembre, 2024<\/time><\/a>\n\t\t\t\t<\/span><\/div>\t\t\t\t\t\t<\/header><!-- .entry-header -->\n\t\t\t\t\t<\/div><!-- wp-show-posts-inner --><div class=\"wpsp-clear\"><\/div><\/article><article class=\" wp-show-posts-single wpsp-clearfix post-5756 post type-post status-publish format-standard hentry category-noticias\" itemtype=\"http:\/\/schema.org\/CreativeWork\" itemscope><div class=\"wp-show-posts-inner\" style=\"\">\t\t\t\t\t\t<header class=\"wp-show-posts-entry-header\">\n\t\t\t\t\t\t\t<h2 class=\"wp-show-posts-entry-title\" itemprop=\"headline\"><a href=\"https:\/\/www.residentesedenpanama.org\/index.php\/2023\/04\/09\/a-esta-hora-fuego-amenaza-casas-del-eden-y-alrededores\/\" rel=\"bookmark\">A esta hora, fuego amenaza casas del Ed\u00e9n y alrededores<\/a><\/h2><div class=\"wp-show-posts-entry-meta wp-show-posts-entry-meta-below-title post-meta-inline\"><span class=\"wp-show-posts-posted-on wp-show-posts-meta\">\n\t\t\t\t\t<a href=\"https:\/\/www.residentesedenpanama.org\/index.php\/2023\/04\/09\/a-esta-hora-fuego-amenaza-casas-del-eden-y-alrededores\/\" title=\"8:58 pm\" rel=\"bookmark\"><time class=\"wp-show-posts-entry-date published\" datetime=\"2023-04-09T20:58:32-05:00\" itemprop=\"datePublished\">9 abril, 2023<\/time><time class=\"wp-show-posts-updated\" datetime=\"2023-04-09T21:22:51-05:00\" itemprop=\"dateModified\">9 abril, 2023<\/time><\/a>\n\t\t\t\t<\/span><\/div>\t\t\t\t\t\t<\/header><!-- .entry-header -->\n\t\t\t\t\t<\/div><!-- wp-show-posts-inner --><div class=\"wpsp-clear\"><\/div><\/article><\/section><!-- .wp-show-posts --><\/em><\/center>\n<p>\u00a0<\/p>\n<p align=\"center\"><iframe style=\"border: 0px currentColor;\" src=\"https:\/\/www.google.com\/maps\/embed?pb=!1m18!1m12!1m3!1d44590.38316501507!2d-79.72532763000649!3d8.94722258665513!2m3!1f0!2f0!3f0!3m2!1i1024!2i768!4f13.1!3m3!1m2!1s0x0%3A0x0!2zOMKwNTcnMDEuOSJOIDc5wrA0MycxMi4yIlc!5e0!3m2!1ses-419!2spa!4v1495588766565\" width=\"800\" height=\"400\" frameborder=\"0\" allowfullscreen=\"allowfullscreen\"><\/iframe><\/p>\n<h2>\u00a1Bienvenidos!<\/h2>\n<p>La comunidad del residencial Ed\u00e9n de Arraij\u00e1n, es una confraternidad de vecinos que comparten en com\u00fan una localizaci\u00f3n geogr\u00e1fica y un sin numero de esperanzas, bienvenidos a nuestra casa la cual consideramos un para\u00edso.<\/p>\n<p style=\"text-align: left;\" align=\"center\">Por razones de seguridad, se le solicita encarecidamente a todos los residentes y visitantes, seguir estas medidas al ingresar a la barriada:<\/p>\n<ol>\n<li style=\"text-align: left;\">Disminuya la velocidad y este atento a las se\u00f1ales de tr\u00e1nsito y letreros que identifican las calles para que pueda llegar a su destino sin contratiempos.<\/li>\n<li>Una vez dentro del residencial, le rogamos mantenga la velocidad de su veh\u00edculo a la m\u00e1xima permitida para las \u00e1reas urbanas, la cual es de 40 kil\u00f3metros por hora.<\/li>\n<li>Tenga especial cuidado con los menores de edad, lamentablemente al no contar en la actualidad con todas las \u00e1reas recreativas prometidas, algunos optan por jugar en la calle.<\/li>\n<li style=\"text-align: left;\">Si visita a un residente, es conveniente que con antelaci\u00f3n informe al mismo de su llegada para que pueda estar al tanto de su arribo, varias calles han implementado el programa de Vecinos Vigilantes y otras est\u00e1n en ese proceso, por lo que personas que no puedan sustentar adecuadamente el prop\u00f3sito de su visita, pueden ser denunciadas a las autoridades.<\/li>\n<li>Para el uso de las \u00e1reas comunes o recreativas debe informarse con el residente que lo invit\u00f3, sobre las normas que se aplican para su uso y horario.<\/li>\n<\/ol>\n<p>Tambi\u00e9n le rogamos nos ayude a conservar las \u00e1reas sociales en buen estado, a depositar la basura en su lugar, a recoger los desechos de sus mascotas y a conservar la paz y armon\u00eda que desean sus residentes.<\/p>\n\n\n<div class=\"wp-block-image\"><figure class=\"aligncenter size-large\"><img loading=\"lazy\" width=\"640\" height=\"395\" src=\"http:\/\/www.residentesedenpanama.org\/wp-content\/uploads\/2022\/01\/Jornada_Limpieza_Eden_20220110_12.jpg\" alt=\"\" class=\"wp-image-5251\" srcset=\"https:\/\/www.residentesedenpanama.org\/wp-content\/uploads\/2022\/01\/Jornada_Limpieza_Eden_20220110_12.jpg 640w, https:\/\/www.residentesedenpanama.org\/wp-content\/uploads\/2022\/01\/Jornada_Limpieza_Eden_20220110_12-300x185.jpg 300w\" sizes=\"(max-width: 640px) 100vw, 640px\" \/><\/figure><\/div>\n\n\n<p>Nuestra barriada esta rodeada de hermosos bosques y \u00e1reas naturales, no se extra\u00f1e de poder observar especies de animales propias de lugares boscosos, incluso a\u00fan se cuenta con un r\u00edo que conserva sus aguas sin contaminaci\u00f3n, ojal\u00e1 que los futuros desarrollos urbanos, no le roben a las futuras generaciones, estos tesoros de la naturaleza.<\/p>\n\n\n<div class=\"wp-block-image\"><figure class=\"aligncenter size-large\"><img loading=\"lazy\" width=\"1024\" height=\"768\" src=\"http:\/\/www.residentesedenpanama.org\/wp-content\/uploads\/2022\/08\/20220529_073411-1024x768.jpg\" alt=\"\" class=\"wp-image-5312\" srcset=\"https:\/\/www.residentesedenpanama.org\/wp-content\/uploads\/2022\/08\/20220529_073411-1024x768.jpg 1024w, https:\/\/www.residentesedenpanama.org\/wp-content\/uploads\/2022\/08\/20220529_073411-300x225.jpg 300w, https:\/\/www.residentesedenpanama.org\/wp-content\/uploads\/2022\/08\/20220529_073411-768x576.jpg 768w, https:\/\/www.residentesedenpanama.org\/wp-content\/uploads\/2022\/08\/20220529_073411-1536x1152.jpg 1536w, https:\/\/www.residentesedenpanama.org\/wp-content\/uploads\/2022\/08\/20220529_073411-2048x1536.jpg 2048w\" sizes=\"(max-width: 1024px) 100vw, 1024px\" \/><\/figure><\/div>\n\n\n<p>Les invitamos a participar de nuestras ferias, actividades culturales y deportivas que realizan cada cierto tiempo los residentes, visite nuestro sitio peri\u00f3dicamente para que se entere de los mismos.<\/p>\n<p>\u00a1Gracias por su visita!<\/p>\n<p>Sin mas,<\/p>\n<p>Un residente.<\/p>","protected":false},"excerpt":{"rendered":"<p>\u00daltimas Noticias \u00a0 \u00a1Bienvenidos! La comunidad del residencial Ed\u00e9n de Arraij\u00e1n, es una confraternidad de vecinos que comparten en com\u00fan una localizaci\u00f3n geogr\u00e1fica y un sin numero de esperanzas, bienvenidos a nuestra casa la cual consideramos un para\u00edso. Por razones de seguridad, se le solicita encarecidamente a todos los residentes y visitantes, seguir estas medidas [&hellip;]<\/p>\n","protected":false},"author":38,"featured_media":0,"parent":0,"menu_order":0,"comment_status":"closed","ping_status":"closed","template":"","meta":[],"_links":{"self":[{"href":"https:\/\/www.residentesedenpanama.org\/index.php\/wp-json\/wp\/v2\/pages\/116"}],"collection":[{"href":"https:\/\/www.residentesedenpanama.org\/index.php\/wp-json\/wp\/v2\/pages"}],"about":[{"href":"https:\/\/www.residentesedenpanama.org\/index.php\/wp-json\/wp\/v2\/types\/page"}],"author":[{"embeddable":true,"href":"https:\/\/www.residentesedenpanama.org\/index.php\/wp-json\/wp\/v2\/users\/38"}],"replies":[{"embeddable":true,"href":"https:\/\/www.residentesedenpanama.org\/index.php\/wp-json\/wp\/v2\/comments?post=116"}],"version-history":[{"count":390,"href":"https:\/\/www.residentesedenpanama.org\/index.php\/wp-json\/wp\/v2\/pages\/116\/revisions"}],"predecessor-version":[{"id":5845,"href":"https:\/\/www.residentesedenpanama.org\/index.php\/wp-json\/wp\/v2\/pages\/116\/revisions\/5845"}],"wp:attachment":[{"href":"https:\/\/www.residentesedenpanama.org\/index.php\/wp-json\/wp\/v2\/media?parent=116"}],"curies":[{"name":"wp","href":"https:\/\/api.w.org\/{rel}","templated":true}]}}